{"id":71482,"date":"2021-04-30T10:45:48","date_gmt":"2021-04-30T08:45:48","guid":{"rendered":"https:\/\/www.mapisrl.com\/?page_id=71482"},"modified":"2021-05-03T17:26:58","modified_gmt":"2021-05-03T15:26:58","slug":"chi-siamo","status":"publish","type":"page","link":"https:\/\/www.mapisrl.com\/it\/chi-siamo\/","title":{"rendered":"Chi siamo"},"content":{"rendered":"<p>[vc_row type=&#8221;container&#8221; padding_top=&#8221;&#8221; padding_bottom=&#8221;&#8221; css=&#8221;.vc_custom_1451761032806{padding-top: 50px !important;}&#8221;][vc_column width=&#8221;1\/2&#8243; css=&#8221;.vc_custom_1449147431196{margin-bottom: 35px !important;}&#8221;][vc_column_text css=&#8221;.vc_custom_1620055475872{padding-right: 10px !important;}&#8221;]<\/p>\n<h3 style=\"margin-top: 0px;\">Chi Siamo<\/h3>\n<p>Dal 2003 MAPI fornisce servizi di installazione e manutenzione di rivestimenti refrattari, collocandosi come leader in Italia in diversi ambiti industriali.<\/p>\n<p>L&#8217;azienda \u00e8 condotta managerialmente sommando esperienza ad entusiasmo giovanile e adotta il \u201cmodello di organizzazione e gestione 231\u201d per rispondere ai requisiti, sempre pi\u00f9 elevati, in merito alle crescenti istanze riguardanti la legalit\u00e0 e sicurezza sul lavoro.<\/p>\n<p>La MAPI \u00e8 composta da un team dinamico e di alta professionalit\u00e0 e d&#8217;esperienza che consente rispondere ad ogni esigenza tecnica e organizzativa, dispone delle pi\u00f9 moderne attrezzature ed \u00e8 in grado di poter gestire autonomamente ed efficciamente ogni fase del lavoro o progetto.[\/vc_column_text][\/vc_column][vc_column width=&#8221;1\/2&#8243; css=&#8221;.vc_custom_1451760818909{padding-top: 14px !important;}&#8221;][vc_single_image image=&#8221;71412&#8243; img_size=&#8221;full&#8221;][\/vc_column][\/vc_row][vc_row type=&#8221;full_page_width_inner_container&#8221; padding_top=&#8221;&#8221; padding_bottom=&#8221;&#8221; css=&#8221;.vc_custom_1530699139859{margin-bottom: 0px !important;padding-top: 20px !important;padding-bottom: 20px !important;background-color: #4588e0 !important;}&#8221;][vc_column width=&#8221;1\/6&#8243;][\/vc_column][vc_column width=&#8221;2\/3&#8243;][vc_column_text]<\/p>\n<h3 style=\"text-align: center;\"><span style=\"color: #ffffff;\"><span class=\"quote\">&#8220;Qualit\u00e0 e Sicurezza al Primo Posto!&#8221;<\/span><\/span><\/h3>\n<p>[\/vc_column_text][\/vc_column][vc_column width=&#8221;1\/6&#8243;][\/vc_column][\/vc_row][vc_row type=&#8221;container&#8221;][vc_column][vc_empty_space][\/vc_column][\/vc_row]<\/p>\n","protected":false},"excerpt":{"rendered":"<p>[vc_row type=&#8221;container&#8221; padding_top=&#8221;&#8221; padding_bottom=&#8221;&#8221; css=&#8221;.vc_custom_1451761032806{padding-top: 50px !important;}&#8221;][vc_column width=&#8221;1\/2&#8243; css=&#8221;.vc_custom_1449147431196{margin-bottom: 35px !important;}&#8221;][vc_column_text css=&#8221;.vc_custom_1620055475872{padding-right: 10px !important;}&#8221;] Chi Siamo Dal 2003 MAPI fornisce servizi di installazione e manutenzione di rivestimenti refrattari, collocandosi come leader in Italia in diversi ambiti industriali. L&#8217;azienda \u00e8 condotta managerialmente sommando esperienza ad entusiasmo giovanile e adotta il \u201cmodello di organizzazione e gestione 231\u201d [&hellip;]<\/p>\n","protected":false},"author":1,"featured_media":71463,"parent":0,"menu_order":0,"comment_status":"closed","ping_status":"closed","template":"page-full-width.php","meta":{"_acf_changed":false,"footnotes":""},"class_list":["post-71482","page","type-page","status-publish","has-post-thumbnail","hentry"],"acf":[],"yoast_head":"<!-- This site is optimized with the Yoast SEO plugin v25.0 - https:\/\/yoast.com\/wordpress\/plugins\/seo\/ -->\n<title>Chi siamo - MaPi Srl<\/title>\n<meta name=\"robots\" content=\"index, follow, max-snippet:-1, max-image-preview:large, max-video-preview:-1\" \/>\n<link rel=\"canonical\" href=\"https:\/\/www.mapisrl.com\/it\/chi-siamo\/\" \/>\n<meta property=\"og:locale\" content=\"it_IT\" \/>\n<meta property=\"og:type\" content=\"article\" \/>\n<meta property=\"og:title\" content=\"Chi siamo - MaPi Srl\" \/>\n<meta property=\"og:description\" content=\"[vc_row type=&#8221;container&#8221; padding_top=&#8221;&#8221; padding_bottom=&#8221;&#8221; css=&#8221;.vc_custom_1451761032806{padding-top: 50px !important;}&#8221;][vc_column width=&#8221;1\/2&#8243; css=&#8221;.vc_custom_1449147431196{margin-bottom: 35px !important;}&#8221;][vc_column_text css=&#8221;.vc_custom_1620055475872{padding-right: 10px !important;}&#8221;] Chi Siamo Dal 2003 MAPI fornisce servizi di installazione e manutenzione di rivestimenti refrattari, collocandosi come leader in Italia in diversi ambiti industriali. L&#8217;azienda \u00e8 condotta managerialmente sommando esperienza ad entusiasmo giovanile e adotta il \u201cmodello di organizzazione e gestione 231\u201d [&hellip;]\" \/>\n<meta property=\"og:url\" content=\"https:\/\/www.mapisrl.com\/it\/chi-siamo\/\" \/>\n<meta property=\"og:site_name\" content=\"MaPi Srl\" \/>\n<meta property=\"article:modified_time\" content=\"2021-05-03T15:26:58+00:00\" \/>\n<meta property=\"og:image\" content=\"https:\/\/www.mapisrl.com\/wp-content\/uploads\/2019\/11\/iStock-493330198.jpg\" \/>\n\t<meta property=\"og:image:width\" content=\"1183\" \/>\n\t<meta property=\"og:image:height\" content=\"887\" \/>\n\t<meta property=\"og:image:type\" content=\"image\/jpeg\" \/>\n<meta name=\"twitter:card\" content=\"summary_large_image\" \/>\n<meta name=\"twitter:label1\" content=\"Tempo di lettura stimato\" \/>\n\t<meta name=\"twitter:data1\" content=\"1 minuto\" \/>\n<script type=\"application\/ld+json\" class=\"yoast-schema-graph\">{\"@context\":\"https:\/\/schema.org\",\"@graph\":[{\"@type\":\"WebPage\",\"@id\":\"https:\/\/www.mapisrl.com\/it\/chi-siamo\/\",\"url\":\"https:\/\/www.mapisrl.com\/it\/chi-siamo\/\",\"name\":\"Chi siamo - MaPi Srl\",\"isPartOf\":{\"@id\":\"https:\/\/www.mapisrl.com\/it\/#website\"},\"primaryImageOfPage\":{\"@id\":\"https:\/\/www.mapisrl.com\/it\/chi-siamo\/#primaryimage\"},\"image\":{\"@id\":\"https:\/\/www.mapisrl.com\/it\/chi-siamo\/#primaryimage\"},\"thumbnailUrl\":\"https:\/\/www.mapisrl.com\/wp-content\/uploads\/2019\/11\/iStock-493330198.jpg\",\"datePublished\":\"2021-04-30T08:45:48+00:00\",\"dateModified\":\"2021-05-03T15:26:58+00:00\",\"breadcrumb\":{\"@id\":\"https:\/\/www.mapisrl.com\/it\/chi-siamo\/#breadcrumb\"},\"inLanguage\":\"it-IT\",\"potentialAction\":[{\"@type\":\"ReadAction\",\"target\":[\"https:\/\/www.mapisrl.com\/it\/chi-siamo\/\"]}]},{\"@type\":\"ImageObject\",\"inLanguage\":\"it-IT\",\"@id\":\"https:\/\/www.mapisrl.com\/it\/chi-siamo\/#primaryimage\",\"url\":\"https:\/\/www.mapisrl.com\/wp-content\/uploads\/2019\/11\/iStock-493330198.jpg\",\"contentUrl\":\"https:\/\/www.mapisrl.com\/wp-content\/uploads\/2019\/11\/iStock-493330198.jpg\",\"width\":1183,\"height\":887,\"caption\":\"Turning concrete tunnel interior with round walls. 3d illustration\"},{\"@type\":\"BreadcrumbList\",\"@id\":\"https:\/\/www.mapisrl.com\/it\/chi-siamo\/#breadcrumb\",\"itemListElement\":[{\"@type\":\"ListItem\",\"position\":1,\"name\":\"Home\",\"item\":\"https:\/\/www.mapisrl.com\/it\/\"},{\"@type\":\"ListItem\",\"position\":2,\"name\":\"Chi siamo\"}]},{\"@type\":\"WebSite\",\"@id\":\"https:\/\/www.mapisrl.com\/it\/#website\",\"url\":\"https:\/\/www.mapisrl.com\/it\/\",\"name\":\"MaPi Srl\",\"description\":\"refractory materials\",\"potentialAction\":[{\"@type\":\"SearchAction\",\"target\":{\"@type\":\"EntryPoint\",\"urlTemplate\":\"https:\/\/www.mapisrl.com\/it\/?s={search_term_string}\"},\"query-input\":{\"@type\":\"PropertyValueSpecification\",\"valueRequired\":true,\"valueName\":\"search_term_string\"}}],\"inLanguage\":\"it-IT\"}]}<\/script>\n<!-- \/ Yoast SEO plugin. -->","yoast_head_json":{"title":"Chi siamo - MaPi Srl","robots":{"index":"index","follow":"follow","max-snippet":"max-snippet:-1","max-image-preview":"max-image-preview:large","max-video-preview":"max-video-preview:-1"},"canonical":"https:\/\/www.mapisrl.com\/it\/chi-siamo\/","og_locale":"it_IT","og_type":"article","og_title":"Chi siamo - MaPi Srl","og_description":"[vc_row type=&#8221;container&#8221; padding_top=&#8221;&#8221; padding_bottom=&#8221;&#8221; css=&#8221;.vc_custom_1451761032806{padding-top: 50px !important;}&#8221;][vc_column width=&#8221;1\/2&#8243; css=&#8221;.vc_custom_1449147431196{margin-bottom: 35px !important;}&#8221;][vc_column_text css=&#8221;.vc_custom_1620055475872{padding-right: 10px !important;}&#8221;] Chi Siamo Dal 2003 MAPI fornisce servizi di installazione e manutenzione di rivestimenti refrattari, collocandosi come leader in Italia in diversi ambiti industriali. L&#8217;azienda \u00e8 condotta managerialmente sommando esperienza ad entusiasmo giovanile e adotta il \u201cmodello di organizzazione e gestione 231\u201d [&hellip;]","og_url":"https:\/\/www.mapisrl.com\/it\/chi-siamo\/","og_site_name":"MaPi Srl","article_modified_time":"2021-05-03T15:26:58+00:00","og_image":[{"width":1183,"height":887,"url":"https:\/\/www.mapisrl.com\/wp-content\/uploads\/2019\/11\/iStock-493330198.jpg","type":"image\/jpeg"}],"twitter_card":"summary_large_image","twitter_misc":{"Tempo di lettura stimato":"1 minuto"},"schema":{"@context":"https:\/\/schema.org","@graph":[{"@type":"WebPage","@id":"https:\/\/www.mapisrl.com\/it\/chi-siamo\/","url":"https:\/\/www.mapisrl.com\/it\/chi-siamo\/","name":"Chi siamo - MaPi Srl","isPartOf":{"@id":"https:\/\/www.mapisrl.com\/it\/#website"},"primaryImageOfPage":{"@id":"https:\/\/www.mapisrl.com\/it\/chi-siamo\/#primaryimage"},"image":{"@id":"https:\/\/www.mapisrl.com\/it\/chi-siamo\/#primaryimage"},"thumbnailUrl":"https:\/\/www.mapisrl.com\/wp-content\/uploads\/2019\/11\/iStock-493330198.jpg","datePublished":"2021-04-30T08:45:48+00:00","dateModified":"2021-05-03T15:26:58+00:00","breadcrumb":{"@id":"https:\/\/www.mapisrl.com\/it\/chi-siamo\/#breadcrumb"},"inLanguage":"it-IT","potentialAction":[{"@type":"ReadAction","target":["https:\/\/www.mapisrl.com\/it\/chi-siamo\/"]}]},{"@type":"ImageObject","inLanguage":"it-IT","@id":"https:\/\/www.mapisrl.com\/it\/chi-siamo\/#primaryimage","url":"https:\/\/www.mapisrl.com\/wp-content\/uploads\/2019\/11\/iStock-493330198.jpg","contentUrl":"https:\/\/www.mapisrl.com\/wp-content\/uploads\/2019\/11\/iStock-493330198.jpg","width":1183,"height":887,"caption":"Turning concrete tunnel interior with round walls. 3d illustration"},{"@type":"BreadcrumbList","@id":"https:\/\/www.mapisrl.com\/it\/chi-siamo\/#breadcrumb","itemListElement":[{"@type":"ListItem","position":1,"name":"Home","item":"https:\/\/www.mapisrl.com\/it\/"},{"@type":"ListItem","position":2,"name":"Chi siamo"}]},{"@type":"WebSite","@id":"https:\/\/www.mapisrl.com\/it\/#website","url":"https:\/\/www.mapisrl.com\/it\/","name":"MaPi Srl","description":"refractory materials","potentialAction":[{"@type":"SearchAction","target":{"@type":"EntryPoint","urlTemplate":"https:\/\/www.mapisrl.com\/it\/?s={search_term_string}"},"query-input":{"@type":"PropertyValueSpecification","valueRequired":true,"valueName":"search_term_string"}}],"inLanguage":"it-IT"}]}},"_links":{"self":[{"href":"https:\/\/www.mapisrl.com\/it\/wp-json\/wp\/v2\/pages\/71482","targetHints":{"allow":["GET"]}}],"collection":[{"href":"https:\/\/www.mapisrl.com\/it\/wp-json\/wp\/v2\/pages"}],"about":[{"href":"https:\/\/www.mapisrl.com\/it\/wp-json\/wp\/v2\/types\/page"}],"author":[{"embeddable":true,"href":"https:\/\/www.mapisrl.com\/it\/wp-json\/wp\/v2\/users\/1"}],"replies":[{"embeddable":true,"href":"https:\/\/www.mapisrl.com\/it\/wp-json\/wp\/v2\/comments?post=71482"}],"version-history":[{"count":6,"href":"https:\/\/www.mapisrl.com\/it\/wp-json\/wp\/v2\/pages\/71482\/revisions"}],"predecessor-version":[{"id":71519,"href":"https:\/\/www.mapisrl.com\/it\/wp-json\/wp\/v2\/pages\/71482\/revisions\/71519"}],"wp:featuredmedia":[{"embeddable":true,"href":"https:\/\/www.mapisrl.com\/it\/wp-json\/wp\/v2\/media\/71463"}],"wp:attachment":[{"href":"https:\/\/www.mapisrl.com\/it\/wp-json\/wp\/v2\/media?parent=71482"}],"curies":[{"name":"wp","href":"https:\/\/api.w.org\/{rel}","templated":true}]}}